{"id":2231,"date":"2017-08-28T12:22:39","date_gmt":"2017-08-28T12:22:39","guid":{"rendered":"https:\/\/www.tasis.org.tr\/gama\/?page_id=2231"},"modified":"2023-03-20T07:48:45","modified_gmt":"2023-03-20T07:48:45","slug":"iletisim","status":"publish","type":"page","link":"https:\/\/www.tasis.org.tr\/en\/iletisim\/","title":{"rendered":"\u0130leti\u015fim"},"content":{"rendered":"<section class=\"wpb-content-wrapper\"><p>[vc_row][vc_column width=&#8221;1\/2&#8243;][vc_empty_space height=&#8221;30px&#8221;]<div class=\"\">\n\t<div class=\"rt-contact-info\">\n\t\t\t\t\t<h2 style=\"color:#222222;\">Bize Ula\u015f\u0131n<\/h2>\n\t\t\t\t\t<p style=\"color:#222222;\">\u00dcyelik, \u0130stek ve G\u00f6r\u00fc\u015fleriniz i\u00e7in bize a\u015fa\u011f\u0131daki ileti\u015fim bilgilerimiz ile ula\u015fabilirsiniz.<\/p>\n\t\t\t\t\n\t\t<ul>\n\t\t\t<li><i class=\"fa fa-map-marker\" aria-hidden=\"true\"><\/i> Yeni\u015fehir Mah. S\u00fcmb\u00fcl Sok. No:10 Starport Rezidans K:2 D.42 Pendik-\u0130st<\/li><li><i class=\"fa fa-phone\" aria-hidden=\"true\"><\/i> <a href=\"tel:0850 473 14 14\">0850 473 14 14<\/a><\/li><li><i class=\"fa fa-envelope-o\" aria-hidden=\"true\"><\/i> <a href=\"mailto:info@tasis.org.tr\">info@tasis.org.tr<\/a><\/li>\t\t<\/ul>\n\t<\/div>\n<\/div>[\/vc_column][vc_column width=&#8221;1\/2&#8243;][vc_empty_space height=&#8221;30px&#8221;][vc_raw_html]JTNDaWZyYW1lJTIwc3JjJTNEJTIyaHR0cHMlM0ElMkYlMkZ3d3cuZ29vZ2xlLmNvbSUyRm1hcHMlMkZlbWJlZCUzRnBiJTNEJTIxMW0xOCUyMTFtMTIlMjExbTMlMjExZDc1My42MTQzMTA1NTI1MDA2JTIxMmQyOS4zMTMwOTM2NjU2NDkwMDYlMjEzZDQwLjkyNzY0NTA0NTQ1MzI2JTIxMm0zJTIxMWYwJTIxMmYwJTIxM2YwJTIxM20yJTIxMWkxMDI0JTIxMmk3NjglMjE0ZjEzLjElMjEzbTMlMjExbTIlMjExczB4MTRjYWRhMWE5YTdlOWJjOSUyNTNBMHhmZTYyZGYwMDhlYjg3NTUxJTIxMnNTdGFycG9ydCUyNTIwUmVzaWRlbmNlJTIxNWUwJTIxM20yJTIxMXN0ciUyMTJzdHIlMjE0djE2NzkyOTgwMTk0NDAlMjE1bTIlMjExc3RyJTIxMnN0ciUyMiUyMHdpZHRoJTNEJTIyMTIwMCUyMiUyMGhlaWdodCUzRCUyMjM1MCUyMiUyMHN0eWxlJTNEJTIyYm9yZGVyJTNBMCUzQiUyMiUyMGFsbG93ZnVsbHNjcmVlbiUzRCUyMiUyMiUyMGxvYWRpbmclM0QlMjJsYXp5JTIyJTIwcmVmZXJyZXJwb2xpY3klM0QlMjJuby1yZWZlcnJlci13aGVuLWRvd25ncmFkZSUyMiUzRSUzQyUyRmlmcmFtZSUzRQ==[\/vc_raw_html][vc_empty_space height=&#8221;25px&#8221;][\/vc_column][\/vc_row]<\/p>\n<\/section>","protected":false},"excerpt":{"rendered":"<p>[vc_row][vc_column width=&#8221;1\/2&#8243;][vc_empty_space height=&#8221;30px&#8221;][\/vc_column][vc_column width=&#8221;1\/2&#8243;][vc_empty_space height=&#8221;30px&#8221;][vc_raw_html]JTNDaWZyYW1lJTIwc3JjJTNEJTIyaHR0cHMlM0ElMkYlMkZ3d3cuZ29vZ2xlLmNvbSUyRm1hcHMlMkZlbWJlZCUzRnBiJTNEJTIxMW0xOCUyMTFtMTIlMjExbTMlMjExZDc1My42MTQzMTA1NTI1MDA2JTIxMmQyOS4zMTMwOTM2NjU2NDkwMDYlMjEzZDQwLjkyNzY0NTA0NTQ1MzI2JTIxMm0zJTIxMWYwJTIxMmYwJTIxM2YwJTIxM20yJTIxMWkxMDI0JTIxMmk3NjglMjE0ZjEzLjElMjEzbTMlMjExbTIlMjExczB4MTRjYWRhMWE5YTdlOWJjOSUyNTNBMHhmZTYyZGYwMDhlYjg3NTUxJTIxMnNTdGFycG9ydCUyNTIwUmVzaWRlbmNlJTIxNWUwJTIxM20yJTIxMXN0ciUyMTJzdHIlMjE0djE2NzkyOTgwMTk0NDAlMjE1bTIlMjExc3RyJTIxMnN0ciUyMiUyMHdpZHRoJTNEJTIyMTIwMCUyMiUyMGhlaWdodCUzRCUyMjM1MCUyMiUyMHN0eWxlJTNEJTIyYm9yZGVyJTNBMCUzQiUyMiUyMGFsbG93ZnVsbHNjcmVlbiUzRCUyMiUyMiUyMGxvYWRpbmclM0QlMjJsYXp5JTIyJTIwcmVmZXJyZXJwb2xpY3klM0QlMjJuby1yZWZlcnJlci13aGVuLWRvd25ncmFkZSUyMiUzRSUzQyUyRmlmcmFtZSUzRQ==[\/vc_raw_html][vc_empty_space height=&#8221;25px&#8221;][\/vc_column][\/vc_row]<\/p>\n","protected":false},"author":1,"featured_media":0,"parent":0,"menu_order":0,"comment_status":"closed","ping_status":"closed","template":"","meta":[],"_links":{"self":[{"href":"https:\/\/www.tasis.org.tr\/en\/wp-json\/wp\/v2\/pages\/2231"}],"collection":[{"href":"https:\/\/www.tasis.org.tr\/en\/wp-json\/wp\/v2\/pages"}],"about":[{"href":"https:\/\/www.tasis.org.tr\/en\/wp-json\/wp\/v2\/types\/page"}],"author":[{"embeddable":true,"href":"https:\/\/www.tasis.org.tr\/en\/wp-json\/wp\/v2\/users\/1"}],"replies":[{"embeddable":true,"href":"https:\/\/www.tasis.org.tr\/en\/wp-json\/wp\/v2\/comments?post=2231"}],"version-history":[{"count":18,"href":"https:\/\/www.tasis.org.tr\/en\/wp-json\/wp\/v2\/pages\/2231\/revisions"}],"predecessor-version":[{"id":3893,"href":"https:\/\/www.tasis.org.tr\/en\/wp-json\/wp\/v2\/pages\/2231\/revisions\/3893"}],"wp:attachment":[{"href":"https:\/\/www.tasis.org.tr\/en\/wp-json\/wp\/v2\/media?parent=2231"}],"curies":[{"name":"wp","href":"https:\/\/api.w.org\/{rel}","templated":true}]}}