{"id":3044,"date":"2017-10-23T09:44:55","date_gmt":"2017-10-23T09:44:55","guid":{"rendered":"https:\/\/www.tasis.org.tr\/gama\/?page_id=3044"},"modified":"2023-04-04T10:35:31","modified_gmt":"2023-04-04T10:35:31","slug":"komitelerimiz","status":"publish","type":"page","link":"https:\/\/www.tasis.org.tr\/en\/komitelerimiz\/","title":{"rendered":"Komitelerimiz"},"content":{"rendered":"<section class=\"wpb-content-wrapper\"><p>[vc_row][vc_column]<div class=\"rt-case-studies-grid-2 row auto-clear\">\n\t\t\t\t\t\t\t<div class=\"col-lg-6 col-md-6 col-sm-6 col-xs-12\">\n\t\t\t<div class=\"rtin-single-item\">\n\t\t\t\t<div class=\"rtin-item-image\">\n\t\t\t\t\t<img width=\"570\" height=\"355\" src=\"https:\/\/www.tasis.org.tr\/en\/wp-content\/uploads\/2023\/03\/is-gelistirme-large-570x355.jpg\" class=\"img-responsive wp-post-image\" alt=\"\" loading=\"lazy\" \/>\t\t\t\t<\/div>\n\t\t\t\t<div class=\"rtin-item-content\">\n\t\t\t\t\t<h3><a href=\"https:\/\/www.tasis.org.tr\/en\/case-study\/komite-adi-burada-3\/\">\u0130\u015f Geli\u015ftirme, \u0130zleme ve Takip Komitesi<i class=\"fa fa-chevron-right\" aria-hidden=\"true\"><\/i><\/a><\/h3>\n\t\t\t\t<\/div>\n\t\t\t<\/div>\n\t\t<\/div>\n\t\t\t\t\t\t<div class=\"col-lg-6 col-md-6 col-sm-6 col-xs-12\">\n\t\t\t<div class=\"rtin-single-item\">\n\t\t\t\t<div class=\"rtin-item-image\">\n\t\t\t\t\t<img width=\"570\" height=\"355\" src=\"https:\/\/www.tasis.org.tr\/en\/wp-content\/uploads\/2023\/03\/lift-570x355.jpg\" class=\"img-responsive wp-post-image\" alt=\"\" loading=\"lazy\" \/>\t\t\t\t<\/div>\n\t\t\t\t<div class=\"rtin-item-content\">\n\t\t\t\t\t<h3><a href=\"https:\/\/www.tasis.org.tr\/en\/case-study\/komite-adi-burada-2\/\">Mevzuat ve Standartlar Komitesi<i class=\"fa fa-chevron-right\" aria-hidden=\"true\"><\/i><\/a><\/h3>\n\t\t\t\t<\/div>\n\t\t\t<\/div>\n\t\t<\/div>\n\t\t\t\t\t\t<div class=\"col-lg-6 col-md-6 col-sm-6 col-xs-12\">\n\t\t\t<div class=\"rtin-single-item\">\n\t\t\t\t<div class=\"rtin-item-image\">\n\t\t\t\t\t<img width=\"570\" height=\"355\" src=\"https:\/\/www.tasis.org.tr\/en\/wp-content\/uploads\/2017\/09\/hukukkkk-570x355.jpg\" class=\"img-responsive wp-post-image\" alt=\"\" loading=\"lazy\" \/>\t\t\t\t<\/div>\n\t\t\t\t<div class=\"rtin-item-content\">\n\t\t\t\t\t<h3><a href=\"https:\/\/www.tasis.org.tr\/en\/case-study\/komite1\/\">Hukuk M\u00fc\u015favirli\u011fi<i class=\"fa fa-chevron-right\" aria-hidden=\"true\"><\/i><\/a><\/h3>\n\t\t\t\t<\/div>\n\t\t\t<\/div>\n\t\t<\/div>\n\t\t\t\t<div class=\"mt20 col-sm-12 col-xs-12 pagination-wrapper\"><\/div>\t\t\n\t\t<\/div>[\/vc_column][\/vc_row]<\/p>\n<\/section>","protected":false},"excerpt":{"rendered":"<p>[vc_row][vc_column][\/vc_column][\/vc_row]<\/p>\n","protected":false},"author":1,"featured_media":0,"parent":0,"menu_order":0,"comment_status":"closed","ping_status":"closed","template":"","meta":[],"_links":{"self":[{"href":"https:\/\/www.tasis.org.tr\/en\/wp-json\/wp\/v2\/pages\/3044"}],"collection":[{"href":"https:\/\/www.tasis.org.tr\/en\/wp-json\/wp\/v2\/pages"}],"about":[{"href":"https:\/\/www.tasis.org.tr\/en\/wp-json\/wp\/v2\/types\/page"}],"author":[{"embeddable":true,"href":"https:\/\/www.tasis.org.tr\/en\/wp-json\/wp\/v2\/users\/1"}],"replies":[{"embeddable":true,"href":"https:\/\/www.tasis.org.tr\/en\/wp-json\/wp\/v2\/comments?post=3044"}],"version-history":[{"count":2,"href":"https:\/\/www.tasis.org.tr\/en\/wp-json\/wp\/v2\/pages\/3044\/revisions"}],"predecessor-version":[{"id":3927,"href":"https:\/\/www.tasis.org.tr\/en\/wp-json\/wp\/v2\/pages\/3044\/revisions\/3927"}],"wp:attachment":[{"href":"https:\/\/www.tasis.org.tr\/en\/wp-json\/wp\/v2\/media?parent=3044"}],"curies":[{"name":"wp","href":"https:\/\/api.w.org\/{rel}","templated":true}]}}