{"id":3848,"date":"2023-03-19T23:38:29","date_gmt":"2023-03-19T23:38:29","guid":{"rendered":"https:\/\/www.tasis.org.tr\/gama\/?page_id=3848"},"modified":"2023-03-19T23:42:05","modified_gmt":"2023-03-19T23:42:05","slug":"sosyal-sorumluluk","status":"publish","type":"page","link":"https:\/\/www.tasis.org.tr\/en\/sosyal-sorumluluk\/","title":{"rendered":"Sosyal Sorumluluk"},"content":{"rendered":"<section class=\"wpb-content-wrapper\"><p>[vc_row][vc_column]<div class=\"rt-portfolio-layout-2\">\n\t\t\t\t\t\t\t<div class=\"no-gutter col-lg-4 col-md-4 col-sm-6 col-xs-12\">\t\n\t\t\t<div class=\"rtin-single-item\">\n\t\t\t\t<div class=\"rtin-item-image\">\n\t\t\t\t\t<img width=\"400\" height=\"265\" src=\"https:\/\/www.tasis.org.tr\/en\/wp-content\/uploads\/2023\/03\/23232-400x265.webp\" class=\"img-responsive wp-post-image\" alt=\"\" loading=\"lazy\" \/>\t\t\t\t\t<a class=\"rtin-plus-icon\" href=\"https:\/\/www.tasis.org.tr\/en\/portfolio\/deprem-bolgesinde-ki-arizali-asansorleri-onardik\/\"><i class=\"fa fa-plus\" aria-hidden=\"true\"><\/i><\/a>\n\t\t\t\t\t<div class=\"overlay\">\n\t\t\t\t\t\t\t\t\t\t<\/div>\n\t\t\t\t<\/div>\n\t\t\t\t<div class=\"rtin-item-content\">\n\t\t\t\t\t<h3><a href=\"https:\/\/www.tasis.org.tr\/en\/portfolio\/deprem-bolgesinde-ki-arizali-asansorleri-onardik\/\">Deprem B\u00f6lgesindeki Hastahanelerimizin Asans\u00f6rlerini Onard\u0131k<\/a><\/h3>\n\t\t\t\t\t<p><\/p>\n\t\t\t\t<\/div>\n\t\t\t<\/div>\t\t\n\t\t<\/div>\n\t\t\t\t\t\t<div class=\"no-gutter col-lg-4 col-md-4 col-sm-6 col-xs-12\">\t\n\t\t\t<div class=\"rtin-single-item\">\n\t\t\t\t<div class=\"rtin-item-image\">\n\t\t\t\t\t<img width=\"400\" height=\"265\" src=\"https:\/\/www.tasis.org.tr\/en\/wp-content\/uploads\/2023\/03\/2562367_810x458-400x265.jpg\" class=\"img-responsive wp-post-image\" alt=\"\" loading=\"lazy\" \/>\t\t\t\t\t<a class=\"rtin-plus-icon\" href=\"https:\/\/www.tasis.org.tr\/en\/portfolio\/deprem-bolgesine-yardim\/\"><i class=\"fa fa-plus\" aria-hidden=\"true\"><\/i><\/a>\n\t\t\t\t\t<div class=\"overlay\">\n\t\t\t\t\t\t\t\t\t\t<\/div>\n\t\t\t\t<\/div>\n\t\t\t\t<div class=\"rtin-item-content\">\n\t\t\t\t\t<h3><a href=\"https:\/\/www.tasis.org.tr\/en\/portfolio\/deprem-bolgesine-yardim\/\">Deprem B\u00f6lgesine Yard\u0131m G\u00f6nderdik<\/a><\/h3>\n\t\t\t\t\t<p><\/p>\n\t\t\t\t<\/div>\n\t\t\t<\/div>\t\t\n\t\t<\/div>\n\t\t\t\t\t\t<div class=\"no-gutter col-lg-4 col-md-4 col-sm-6 col-xs-12\">\t\n\t\t\t<div class=\"rtin-single-item\">\n\t\t\t\t<div class=\"rtin-item-image\">\n\t\t\t\t\t<img width=\"400\" height=\"265\" src=\"https:\/\/www.tasis.org.tr\/en\/wp-content\/uploads\/2023\/03\/2-400x265.jpeg\" class=\"img-responsive wp-post-image\" alt=\"\" loading=\"lazy\" \/>\t\t\t\t\t<a class=\"rtin-plus-icon\" href=\"https:\/\/www.tasis.org.tr\/en\/portfolio\/cocuk-esirgeme-kurumu-ziyareti\/\"><i class=\"fa fa-plus\" aria-hidden=\"true\"><\/i><\/a>\n\t\t\t\t\t<div class=\"overlay\">\n\t\t\t\t\t\t\t\t\t\t<\/div>\n\t\t\t\t<\/div>\n\t\t\t\t<div class=\"rtin-item-content\">\n\t\t\t\t\t<h3><a href=\"https:\/\/www.tasis.org.tr\/en\/portfolio\/cocuk-esirgeme-kurumu-ziyareti\/\">Ahmet Rasim \u0130lkokulu Asans\u00f6r\u00fcn\u00fc Engelli \u00d6\u011frencilerimiz \u0130\u00e7in Onard\u0131k<\/a><\/h3>\n\t\t\t\t\t<p><\/p>\n\t\t\t\t<\/div>\n\t\t\t<\/div>\t\t\n\t\t<\/div>\n\t\t\t\t\t\t<div class=\"mt20 col-sm-12 col-xs-12 pagination-wrapper\"><\/div>\n\t\t\t\t\n\t<\/div>[\/vc_column][\/vc_row]<\/p>\n<\/section>","protected":false},"excerpt":{"rendered":"<p>[vc_row][vc_column][\/vc_column][\/vc_row]<\/p>\n","protected":false},"author":1,"featured_media":0,"parent":0,"menu_order":0,"comment_status":"closed","ping_status":"closed","template":"","meta":[],"_links":{"self":[{"href":"https:\/\/www.tasis.org.tr\/en\/wp-json\/wp\/v2\/pages\/3848"}],"collection":[{"href":"https:\/\/www.tasis.org.tr\/en\/wp-json\/wp\/v2\/pages"}],"about":[{"href":"https:\/\/www.tasis.org.tr\/en\/wp-json\/wp\/v2\/types\/page"}],"author":[{"embeddable":true,"href":"https:\/\/www.tasis.org.tr\/en\/wp-json\/wp\/v2\/users\/1"}],"replies":[{"embeddable":true,"href":"https:\/\/www.tasis.org.tr\/en\/wp-json\/wp\/v2\/comments?post=3848"}],"version-history":[{"count":9,"href":"https:\/\/www.tasis.org.tr\/en\/wp-json\/wp\/v2\/pages\/3848\/revisions"}],"predecessor-version":[{"id":3857,"href":"https:\/\/www.tasis.org.tr\/en\/wp-json\/wp\/v2\/pages\/3848\/revisions\/3857"}],"wp:attachment":[{"href":"https:\/\/www.tasis.org.tr\/en\/wp-json\/wp\/v2\/media?parent=3848"}],"curies":[{"name":"wp","href":"https:\/\/api.w.org\/{rel}","templated":true}]}}