{"id":3896,"date":"2023-03-20T07:59:05","date_gmt":"2023-03-20T07:59:05","guid":{"rendered":"https:\/\/www.tasis.org.tr\/gama\/?page_id=3896"},"modified":"2023-03-20T08:00:22","modified_gmt":"2023-03-20T08:00:22","slug":"tuzugumuz","status":"publish","type":"page","link":"https:\/\/www.tasis.org.tr\/en\/tuzugumuz\/","title":{"rendered":"T\u00fcz\u00fc\u011f\u00fcm\u00fcz"},"content":{"rendered":"<section class=\"wpb-content-wrapper\"><p>[vc_row][vc_column][vc_column_text]Eklenecektir.[\/vc_column_text][\/vc_column][\/vc_row]<\/p>\n<\/section>","protected":false},"excerpt":{"rendered":"<p>[vc_row][vc_column][vc_column_text]Eklenecektir.[\/vc_column_text][\/vc_column][\/vc_row]<\/p>\n","protected":false},"author":1,"featured_media":0,"parent":0,"menu_order":0,"comment_status":"closed","ping_status":"closed","template":"","meta":[],"_links":{"self":[{"href":"https:\/\/www.tasis.org.tr\/en\/wp-json\/wp\/v2\/pages\/3896"}],"collection":[{"href":"https:\/\/www.tasis.org.tr\/en\/wp-json\/wp\/v2\/pages"}],"about":[{"href":"https:\/\/www.tasis.org.tr\/en\/wp-json\/wp\/v2\/types\/page"}],"author":[{"embeddable":true,"href":"https:\/\/www.tasis.org.tr\/en\/wp-json\/wp\/v2\/users\/1"}],"replies":[{"embeddable":true,"href":"https:\/\/www.tasis.org.tr\/en\/wp-json\/wp\/v2\/comments?post=3896"}],"version-history":[{"count":3,"href":"https:\/\/www.tasis.org.tr\/en\/wp-json\/wp\/v2\/pages\/3896\/revisions"}],"predecessor-version":[{"id":3899,"href":"https:\/\/www.tasis.org.tr\/en\/wp-json\/wp\/v2\/pages\/3896\/revisions\/3899"}],"wp:attachment":[{"href":"https:\/\/www.tasis.org.tr\/en\/wp-json\/wp\/v2\/media?parent=3896"}],"curies":[{"name":"wp","href":"https:\/\/api.w.org\/{rel}","templated":true}]}}