{"id":3958,"date":"2023-04-08T06:10:46","date_gmt":"2023-04-08T06:10:46","guid":{"rendered":"https:\/\/www.tasis.org.tr\/gama\/?page_id=3958"},"modified":"2023-06-20T07:24:48","modified_gmt":"2023-06-20T07:24:48","slug":"tasis-yonetim","status":"publish","type":"page","link":"https:\/\/www.tasis.org.tr\/en\/tasis-yonetim\/","title":{"rendered":"Tasis Y\u00f6netim"},"content":{"rendered":"<section class=\"wpb-content-wrapper\"><p>[vc_row][vc_column][vc_custom_heading text=&#8221;Y\u00f6netim Kurulu&#8221; font_container=&#8221;tag:h2|font_size:26px|text_align:center&#8221; use_theme_fonts=&#8221;yes&#8221;]<div>\n\t<div class=\"row auto-clear rt-team-grid-1\">\n\t\t\t\t\t\t\t<div class=\"col-lg-4 col-md-4 col-sm-6 col-xs-12\">\n\t\t\t<div class=\"rtin-single-team\">\n\t\t\t\t<div class=\"rtin-item-image\">\n\t\t\t\t\t<img width=\"360\" height=\"400\" src=\"https:\/\/www.tasis.org.tr\/en\/wp-content\/uploads\/2023\/03\/turgaybey.png\" class=\"attachment-rdtheme-size4 size-rdtheme-size4 wp-post-image\" alt=\"\" decoding=\"async\" loading=\"lazy\" srcset=\"https:\/\/www.tasis.org.tr\/en\/wp-content\/uploads\/2023\/03\/turgaybey.png 360w, https:\/\/www.tasis.org.tr\/en\/wp-content\/uploads\/2023\/03\/turgaybey-270x300.png 270w\" sizes=\"(max-width: 360px) 100vw, 360px\" \/>\t\t\t\t\t<a class=\"plus-icon\" href=\"https:\/\/www.tasis.org.tr\/en\/team\/ali-turgay-kulug\/\"><i class=\"fa fa-plus\" aria-hidden=\"true\"><\/i><\/a>\n\t\t\t\t<\/div>\n\t\t\t\t<div class=\"rtin-item-content\">\n\t\t\t\t\t<h3><a href=\"https:\/\/www.tasis.org.tr\/en\/team\/ali-turgay-kulug\/\">A. Turgay KULU\u011e<\/a><\/h3>\n\t\t\t\t\t\t\t\t\t\t\t<span class=\"rtin-position\">Y\u00f6n. Kur. B\u015fk.<\/span>\n\t\t\t\t\t\t\t\t\t\t\t\t\t\t\t<ul class=\"social-icons\">\n\t\t\t\t\t\t\t\t\t\t\t\n\t\t\t\t\t\t\t\t\t\t\t\t\t\t\t\t<\/ul>\n\t\t\t\t\t\t\t\t\t\n\t\t\t\t<\/div>\n\t\t\t<\/div>\n\t\t<\/div>\n\t\t\t\t\t\t<div class=\"col-lg-4 col-md-4 col-sm-6 col-xs-12\">\n\t\t\t<div class=\"rtin-single-team\">\n\t\t\t\t<div class=\"rtin-item-image\">\n\t\t\t\t\t<img width=\"360\" height=\"400\" src=\"https:\/\/www.tasis.org.tr\/en\/wp-content\/uploads\/2023\/03\/ercanbey.png\" class=\"attachment-rdtheme-size4 size-rdtheme-size4 wp-post-image\" alt=\"\" decoding=\"async\" loading=\"lazy\" srcset=\"https:\/\/www.tasis.org.tr\/en\/wp-content\/uploads\/2023\/03\/ercanbey.png 360w, https:\/\/www.tasis.org.tr\/en\/wp-content\/uploads\/2023\/03\/ercanbey-270x300.png 270w\" sizes=\"(max-width: 360px) 100vw, 360px\" \/>\t\t\t\t\t<a class=\"plus-icon\" href=\"https:\/\/www.tasis.org.tr\/en\/team\/ersin-demircan\/\"><i class=\"fa fa-plus\" aria-hidden=\"true\"><\/i><\/a>\n\t\t\t\t<\/div>\n\t\t\t\t<div class=\"rtin-item-content\">\n\t\t\t\t\t<h3><a href=\"https:\/\/www.tasis.org.tr\/en\/team\/ersin-demircan\/\">Ersin DEM\u0130RCAN<\/a><\/h3>\n\t\t\t\t\t\t\t\t\t\t\t<span class=\"rtin-position\">Y\u00f6n. Kur. B\u015fk. Yrd.<\/span>\n\t\t\t\t\t\t\t\t\t\t\t\t\t\t\t<ul class=\"social-icons\">\n\t\t\t\t\t\t\t\t\t\t\t\n\t\t\t\t\t\t\t\t\t\t\t\t\t\t\t\t<\/ul>\n\t\t\t\t\t\t\t\t\t\n\t\t\t\t<\/div>\n\t\t\t<\/div>\n\t\t<\/div>\n\t\t\t\t\t\t<div class=\"col-lg-4 col-md-4 col-sm-6 col-xs-12\">\n\t\t\t<div class=\"rtin-single-team\">\n\t\t\t\t<div class=\"rtin-item-image\">\n\t\t\t\t\t<img width=\"356\" height=\"400\" src=\"https:\/\/www.tasis.org.tr\/en\/wp-content\/uploads\/2023\/03\/selcuk_bey.jpg\" class=\"attachment-rdtheme-size4 size-rdtheme-size4 wp-post-image\" alt=\"\" decoding=\"async\" loading=\"lazy\" srcset=\"https:\/\/www.tasis.org.tr\/en\/wp-content\/uploads\/2023\/03\/selcuk_bey.jpg 356w, https:\/\/www.tasis.org.tr\/en\/wp-content\/uploads\/2023\/03\/selcuk_bey-267x300.jpg 267w\" sizes=\"(max-width: 356px) 100vw, 356px\" \/>\t\t\t\t\t<a class=\"plus-icon\" href=\"https:\/\/www.tasis.org.tr\/en\/team\/selcuk-yildiz\/\"><i class=\"fa fa-plus\" aria-hidden=\"true\"><\/i><\/a>\n\t\t\t\t<\/div>\n\t\t\t\t<div class=\"rtin-item-content\">\n\t\t\t\t\t<h3><a href=\"https:\/\/www.tasis.org.tr\/en\/team\/selcuk-yildiz\/\">Sel\u00e7uk YILDIZ<\/a><\/h3>\n\t\t\t\t\t\t\t\t\t\t\t<span class=\"rtin-position\">Y\u00f6n. Kur. \u00dcyesi<\/span>\n\t\t\t\t\t\t\t\t\t\t\t\t\t\t\t<ul class=\"social-icons\">\n\t\t\t\t\t\t\t\t\t\t\t\n\t\t\t\t\t\t\t\t\t\t\t\t\t\t\t\t<\/ul>\n\t\t\t\t\t\t\t\t\t\n\t\t\t\t<\/div>\n\t\t\t<\/div>\n\t\t<\/div>\n\t\t\t\t<div class=\"mt20 col-sm-12 col-xs-12 pagination-wrapper\"><\/div>\n\t\t\t<\/div>\n\t<\/div>\n[vc_custom_heading text=&#8221;Hukuk M\u00fc\u015favirli\u011fi&#8221; font_container=&#8221;tag:h2|font_size:26px|text_align:center&#8221; use_theme_fonts=&#8221;yes&#8221;]<div>\n\t<div class=\"row auto-clear rt-team-grid-1\">\n\t\t\t\t\t\t\t<div class=\"col-lg-4 col-md-4 col-sm-6 col-xs-12\">\n\t\t\t<div class=\"rtin-single-team\">\n\t\t\t\t<div class=\"rtin-item-image\">\n\t\t\t\t\t<img width=\"360\" height=\"400\" src=\"https:\/\/www.tasis.org.tr\/en\/wp-content\/uploads\/2023\/02\/hukuk1.jpg\" class=\"attachment-rdtheme-size4 size-rdtheme-size4 wp-post-image\" alt=\"\" decoding=\"async\" loading=\"lazy\" srcset=\"https:\/\/www.tasis.org.tr\/en\/wp-content\/uploads\/2023\/02\/hukuk1.jpg 360w, https:\/\/www.tasis.org.tr\/en\/wp-content\/uploads\/2023\/02\/hukuk1-270x300.jpg 270w\" sizes=\"(max-width: 360px) 100vw, 360px\" \/>\t\t\t\t\t<a class=\"plus-icon\" href=\"https:\/\/www.tasis.org.tr\/en\/team\/selin-aslan\/\"><i class=\"fa fa-plus\" aria-hidden=\"true\"><\/i><\/a>\n\t\t\t\t<\/div>\n\t\t\t\t<div class=\"rtin-item-content\">\n\t\t\t\t\t<h3><a href=\"https:\/\/www.tasis.org.tr\/en\/team\/selin-aslan\/\">Selin ASLAN<\/a><\/h3>\n\t\t\t\t\t\t\t\t\t\t\t<span class=\"rtin-position\">Hukuk M\u00fc\u015faviri<\/span>\n\t\t\t\t\t\t\t\t\t\t\t\t\t\t\t<ul class=\"social-icons\">\n\t\t\t\t\t\t\t\t\t\t\t\n\t\t\t\t\t\t\t\t\t\t\t\t\t\t\t\t<\/ul>\n\t\t\t\t\t\t\t\t\t\n\t\t\t\t<\/div>\n\t\t\t<\/div>\n\t\t<\/div>\n\t\t\t\t\t\t<div class=\"col-lg-4 col-md-4 col-sm-6 col-xs-12\">\n\t\t\t<div class=\"rtin-single-team\">\n\t\t\t\t<div class=\"rtin-item-image\">\n\t\t\t\t\t<img width=\"360\" height=\"400\" src=\"https:\/\/www.tasis.org.tr\/en\/wp-content\/uploads\/2023\/01\/gorsel-yok.png\" class=\"attachment-rdtheme-size4 size-rdtheme-size4 wp-post-image\" alt=\"\" decoding=\"async\" loading=\"lazy\" srcset=\"https:\/\/www.tasis.org.tr\/en\/wp-content\/uploads\/2023\/01\/gorsel-yok.png 360w, https:\/\/www.tasis.org.tr\/en\/wp-content\/uploads\/2023\/01\/gorsel-yok-270x300.png 270w\" sizes=\"(max-width: 360px) 100vw, 360px\" \/>\t\t\t\t\t<a class=\"plus-icon\" href=\"https:\/\/www.tasis.org.tr\/en\/team\/elcin-bayburt\/\"><i class=\"fa fa-plus\" aria-hidden=\"true\"><\/i><\/a>\n\t\t\t\t<\/div>\n\t\t\t\t<div class=\"rtin-item-content\">\n\t\t\t\t\t<h3><a href=\"https:\/\/www.tasis.org.tr\/en\/team\/elcin-bayburt\/\">El\u00e7in BAYBURT<\/a><\/h3>\n\t\t\t\t\t\t\t\t\t\t\t<span class=\"rtin-position\">Hukuk M\u00fc\u015faviri<\/span>\n\t\t\t\t\t\t\t\t\t\t\t\t\t\t\t<ul class=\"social-icons\">\n\t\t\t\t\t\t\t\t\t\t\t\n\t\t\t\t\t\t\t\t\t\t\t\t\t\t\t\t<\/ul>\n\t\t\t\t\t\t\t\t\t\n\t\t\t\t<\/div>\n\t\t\t<\/div>\n\t\t<\/div>\n\t\t\t\t<div class=\"mt20 col-sm-12 col-xs-12 pagination-wrapper\"><\/div>\n\t\t\t<\/div>\n\t<\/div>\n[vc_custom_heading text=&#8221;Mevzuat ve Standartlar Komitesi&#8221; font_container=&#8221;tag:h2|font_size:26px|text_align:center&#8221; use_theme_fonts=&#8221;yes&#8221;]<div>\n\t<div class=\"row auto-clear rt-team-grid-1\">\n\t\t\t\t\t\t\t<div class=\"col-lg-4 col-md-4 col-sm-6 col-xs-12\">\n\t\t\t<div class=\"rtin-single-team\">\n\t\t\t\t<div class=\"rtin-item-image\">\n\t\t\t\t\t<img width=\"360\" height=\"400\" src=\"https:\/\/www.tasis.org.tr\/en\/wp-content\/uploads\/2023\/04\/ahmetbey.jpg\" class=\"attachment-rdtheme-size4 size-rdtheme-size4 wp-post-image\" alt=\"\" decoding=\"async\" loading=\"lazy\" srcset=\"https:\/\/www.tasis.org.tr\/en\/wp-content\/uploads\/2023\/04\/ahmetbey.jpg 360w, https:\/\/www.tasis.org.tr\/en\/wp-content\/uploads\/2023\/04\/ahmetbey-270x300.jpg 270w\" sizes=\"(max-width: 360px) 100vw, 360px\" \/>\t\t\t\t\t<a class=\"plus-icon\" href=\"https:\/\/www.tasis.org.tr\/en\/team\/ahmet-ekelik\/\"><i class=\"fa fa-plus\" aria-hidden=\"true\"><\/i><\/a>\n\t\t\t\t<\/div>\n\t\t\t\t<div class=\"rtin-item-content\">\n\t\t\t\t\t<h3><a href=\"https:\/\/www.tasis.org.tr\/en\/team\/ahmet-ekelik\/\">Ahmet EKEL\u0130K<\/a><\/h3>\n\t\t\t\t\t\t\t\t\t\t\t<span class=\"rtin-position\">Mevzuat ve Standartlar Kom. B\u015fk.<\/span>\n\t\t\t\t\t\t\t\t\t\t\t\t\t\t\t<ul class=\"social-icons\">\n\t\t\t\t\t\t\t\t\t\t\t\n\t\t\t\t\t\t\t\t\t\t\t\t\t\t\t\t<\/ul>\n\t\t\t\t\t\t\t\t\t\n\t\t\t\t<\/div>\n\t\t\t<\/div>\n\t\t<\/div>\n\t\t\t\t\t\t<div class=\"col-lg-4 col-md-4 col-sm-6 col-xs-12\">\n\t\t\t<div class=\"rtin-single-team\">\n\t\t\t\t<div class=\"rtin-item-image\">\n\t\t\t\t\t<img width=\"360\" height=\"400\" src=\"https:\/\/www.tasis.org.tr\/en\/wp-content\/uploads\/2023\/01\/gorsel-yok.png\" class=\"attachment-rdtheme-size4 size-rdtheme-size4 wp-post-image\" alt=\"\" decoding=\"async\" loading=\"lazy\" srcset=\"https:\/\/www.tasis.org.tr\/en\/wp-content\/uploads\/2023\/01\/gorsel-yok.png 360w, https:\/\/www.tasis.org.tr\/en\/wp-content\/uploads\/2023\/01\/gorsel-yok-270x300.png 270w\" sizes=\"(max-width: 360px) 100vw, 360px\" \/>\t\t\t\t\t<a class=\"plus-icon\" href=\"https:\/\/www.tasis.org.tr\/en\/team\/emre-kinik\/\"><i class=\"fa fa-plus\" aria-hidden=\"true\"><\/i><\/a>\n\t\t\t\t<\/div>\n\t\t\t\t<div class=\"rtin-item-content\">\n\t\t\t\t\t<h3><a href=\"https:\/\/www.tasis.org.tr\/en\/team\/emre-kinik\/\">Emre KINIK<\/a><\/h3>\n\t\t\t\t\t\t\t\t\t\t\t<span class=\"rtin-position\">Mevzuat ve Standartlar Kom. B\u015fk. Yrd.<\/span>\n\t\t\t\t\t\t\t\t\t\t\t\t\t\t\t<ul class=\"social-icons\">\n\t\t\t\t\t\t\t\t\t\t\t\n\t\t\t\t\t\t\t\t\t\t\t\t\t\t\t\t<\/ul>\n\t\t\t\t\t\t\t\t\t\n\t\t\t\t<\/div>\n\t\t\t<\/div>\n\t\t<\/div>\n\t\t\t\t<div class=\"mt20 col-sm-12 col-xs-12 pagination-wrapper\"><\/div>\n\t\t\t<\/div>\n\t<\/div>\n[vc_custom_heading text=&#8221;\u0130\u015f geli\u015ftirme, \u0130zleme ve Takip Komitesi&#8221; font_container=&#8221;tag:h2|font_size:26px|text_align:center&#8221; use_theme_fonts=&#8221;yes&#8221;]<div>\n\t<div class=\"row auto-clear rt-team-grid-1\">\n\t\t\t\t\t\t\t<div class=\"col-lg-4 col-md-4 col-sm-6 col-xs-12\">\n\t\t\t<div class=\"rtin-single-team\">\n\t\t\t\t<div class=\"rtin-item-image\">\n\t\t\t\t\t<img width=\"360\" height=\"400\" src=\"https:\/\/www.tasis.org.tr\/en\/wp-content\/uploads\/2023\/01\/gorsel-yok.png\" class=\"attachment-rdtheme-size4 size-rdtheme-size4 wp-post-image\" alt=\"\" decoding=\"async\" loading=\"lazy\" srcset=\"https:\/\/www.tasis.org.tr\/en\/wp-content\/uploads\/2023\/01\/gorsel-yok.png 360w, https:\/\/www.tasis.org.tr\/en\/wp-content\/uploads\/2023\/01\/gorsel-yok-270x300.png 270w\" sizes=\"(max-width: 360px) 100vw, 360px\" \/>\t\t\t\t\t<a class=\"plus-icon\" href=\"https:\/\/www.tasis.org.tr\/en\/team\/birsen-gokgoz\/\"><i class=\"fa fa-plus\" aria-hidden=\"true\"><\/i><\/a>\n\t\t\t\t<\/div>\n\t\t\t\t<div class=\"rtin-item-content\">\n\t\t\t\t\t<h3><a href=\"https:\/\/www.tasis.org.tr\/en\/team\/birsen-gokgoz\/\">Birsen G\u00d6KG\u00d6Z<\/a><\/h3>\n\t\t\t\t\t\t\t\t\t\t\t<span class=\"rtin-position\">\u0130\u015f Geli\u015ftirme, \u0130zleme ve Takip Kom. Sorumlusu<\/span>\n\t\t\t\t\t\t\t\t\t\t\t\t\t\t\t<ul class=\"social-icons\">\n\t\t\t\t\t\t\t\t\t\t\t\n\t\t\t\t\t\t\t\t\t\t\t\t\t\t\t\t<\/ul>\n\t\t\t\t\t\t\t\t\t\n\t\t\t\t<\/div>\n\t\t\t<\/div>\n\t\t<\/div>\n\t\t\t\t<div class=\"mt20 col-sm-12 col-xs-12 pagination-wrapper\"><\/div>\n\t\t\t<\/div>\n\t<\/div>\n[vc_custom_heading text=&#8221;Genel Koordinat\u00f6rl\u00fck&#8221; font_container=&#8221;tag:h2|font_size:26px|text_align:center&#8221; use_theme_fonts=&#8221;yes&#8221;]<div>\n\t<div class=\"row auto-clear rt-team-grid-1\">\n\t\t\t\t\t\t\t<div class=\"col-lg-4 col-md-4 col-sm-6 col-xs-12\">\n\t\t\t<div class=\"rtin-single-team\">\n\t\t\t\t<div class=\"rtin-item-image\">\n\t\t\t\t\t<img width=\"360\" height=\"400\" src=\"https:\/\/www.tasis.org.tr\/en\/wp-content\/uploads\/2023\/02\/seda_hanim.png\" class=\"attachment-rdtheme-size4 size-rdtheme-size4 wp-post-image\" alt=\"\" decoding=\"async\" loading=\"lazy\" srcset=\"https:\/\/www.tasis.org.tr\/en\/wp-content\/uploads\/2023\/02\/seda_hanim.png 360w, https:\/\/www.tasis.org.tr\/en\/wp-content\/uploads\/2023\/02\/seda_hanim-270x300.png 270w\" sizes=\"(max-width: 360px) 100vw, 360px\" \/>\t\t\t\t\t<a class=\"plus-icon\" href=\"https:\/\/www.tasis.org.tr\/en\/team\/seda-tatoglu\/\"><i class=\"fa fa-plus\" aria-hidden=\"true\"><\/i><\/a>\n\t\t\t\t<\/div>\n\t\t\t\t<div class=\"rtin-item-content\">\n\t\t\t\t\t<h3><a href=\"https:\/\/www.tasis.org.tr\/en\/team\/seda-tatoglu\/\">Seda TATO\u011eLU<\/a><\/h3>\n\t\t\t\t\t\t\t\t\t\t\t<span class=\"rtin-position\">Genel Koordinat\u00f6r<\/span>\n\t\t\t\t\t\t\t\t\t\t\t\t\t\t\t<ul class=\"social-icons\">\n\t\t\t\t\t\t\t\t\t\t\t\n\t\t\t\t\t\t\t\t\t\t\t\t\t\t\t\t<\/ul>\n\t\t\t\t\t\t\t\t\t\n\t\t\t\t<\/div>\n\t\t\t<\/div>\n\t\t<\/div>\n\t\t\t\t<div class=\"mt20 col-sm-12 col-xs-12 pagination-wrapper\"><\/div>\n\t\t\t<\/div>\n\t<\/div>\n[vc_custom_heading text=&#8221;Disiplin Kurulu&#8221; font_container=&#8221;tag:h2|font_size:26px|text_align:center&#8221; use_theme_fonts=&#8221;yes&#8221;]<div>\n\t<div class=\"row auto-clear rt-team-grid-1\">\n\t\t\t\t\t\t\t<div class=\"col-lg-4 col-md-4 col-sm-6 col-xs-12\">\n\t\t\t<div class=\"rtin-single-team\">\n\t\t\t\t<div class=\"rtin-item-image\">\n\t\t\t\t\t<img width=\"360\" height=\"400\" src=\"https:\/\/www.tasis.org.tr\/en\/wp-content\/uploads\/2023\/04\/aydinbey.jpg\" class=\"attachment-rdtheme-size4 size-rdtheme-size4 wp-post-image\" alt=\"\" decoding=\"async\" loading=\"lazy\" srcset=\"https:\/\/www.tasis.org.tr\/en\/wp-content\/uploads\/2023\/04\/aydinbey.jpg 360w, https:\/\/www.tasis.org.tr\/en\/wp-content\/uploads\/2023\/04\/aydinbey-270x300.jpg 270w\" sizes=\"(max-width: 360px) 100vw, 360px\" \/>\t\t\t\t\t<a class=\"plus-icon\" href=\"https:\/\/www.tasis.org.tr\/en\/team\/aydin-tunc\/\"><i class=\"fa fa-plus\" aria-hidden=\"true\"><\/i><\/a>\n\t\t\t\t<\/div>\n\t\t\t\t<div class=\"rtin-item-content\">\n\t\t\t\t\t<h3><a href=\"https:\/\/www.tasis.org.tr\/en\/team\/aydin-tunc\/\">Ayd\u0131n TUN\u00c7<\/a><\/h3>\n\t\t\t\t\t\t\t\t\t\t\t<span class=\"rtin-position\">Disiplin Kur. \u00dcyesi<\/span>\n\t\t\t\t\t\t\t\t\t\t\t\t\t\t\t<ul class=\"social-icons\">\n\t\t\t\t\t\t\t\t\t\t\t\n\t\t\t\t\t\t\t\t\t\t\t\t\t\t\t\t<\/ul>\n\t\t\t\t\t\t\t\t\t\n\t\t\t\t<\/div>\n\t\t\t<\/div>\n\t\t<\/div>\n\t\t\t\t\t\t<div class=\"col-lg-4 col-md-4 col-sm-6 col-xs-12\">\n\t\t\t<div class=\"rtin-single-team\">\n\t\t\t\t<div class=\"rtin-item-image\">\n\t\t\t\t\t<img width=\"360\" height=\"400\" src=\"https:\/\/www.tasis.org.tr\/en\/wp-content\/uploads\/2023\/04\/cembey.jpg\" class=\"attachment-rdtheme-size4 size-rdtheme-size4 wp-post-image\" alt=\"\" decoding=\"async\" loading=\"lazy\" srcset=\"https:\/\/www.tasis.org.tr\/en\/wp-content\/uploads\/2023\/04\/cembey.jpg 360w, https:\/\/www.tasis.org.tr\/en\/wp-content\/uploads\/2023\/04\/cembey-270x300.jpg 270w\" sizes=\"(max-width: 360px) 100vw, 360px\" \/>\t\t\t\t\t<a class=\"plus-icon\" href=\"https:\/\/www.tasis.org.tr\/en\/team\/cem-bakansak\/\"><i class=\"fa fa-plus\" aria-hidden=\"true\"><\/i><\/a>\n\t\t\t\t<\/div>\n\t\t\t\t<div class=\"rtin-item-content\">\n\t\t\t\t\t<h3><a href=\"https:\/\/www.tasis.org.tr\/en\/team\/cem-bakansak\/\">Cem BAKAN\u015eAK<\/a><\/h3>\n\t\t\t\t\t\t\t\t\t\t\t<span class=\"rtin-position\">Disiplin Kur. \u00dcyesi<\/span>\n\t\t\t\t\t\t\t\t\t\t\t\t\t\t\t<ul class=\"social-icons\">\n\t\t\t\t\t\t\t\t\t\t\t\n\t\t\t\t\t\t\t\t\t\t\t\t\t\t\t\t<\/ul>\n\t\t\t\t\t\t\t\t\t\n\t\t\t\t<\/div>\n\t\t\t<\/div>\n\t\t<\/div>\n\t\t\t\t\t\t<div class=\"col-lg-4 col-md-4 col-sm-6 col-xs-12\">\n\t\t\t<div class=\"rtin-single-team\">\n\t\t\t\t<div class=\"rtin-item-image\">\n\t\t\t\t\t<img width=\"360\" height=\"400\" src=\"https:\/\/www.tasis.org.tr\/en\/wp-content\/uploads\/2023\/04\/erdembey.jpg\" class=\"attachment-rdtheme-size4 size-rdtheme-size4 wp-post-image\" alt=\"\" decoding=\"async\" loading=\"lazy\" srcset=\"https:\/\/www.tasis.org.tr\/en\/wp-content\/uploads\/2023\/04\/erdembey.jpg 360w, https:\/\/www.tasis.org.tr\/en\/wp-content\/uploads\/2023\/04\/erdembey-270x300.jpg 270w\" sizes=\"(max-width: 360px) 100vw, 360px\" \/>\t\t\t\t\t<a class=\"plus-icon\" href=\"https:\/\/www.tasis.org.tr\/en\/team\/erdem-beyazit\/\"><i class=\"fa fa-plus\" aria-hidden=\"true\"><\/i><\/a>\n\t\t\t\t<\/div>\n\t\t\t\t<div class=\"rtin-item-content\">\n\t\t\t\t\t<h3><a href=\"https:\/\/www.tasis.org.tr\/en\/team\/erdem-beyazit\/\">Erdem BEYAZIT<\/a><\/h3>\n\t\t\t\t\t\t\t\t\t\t\t<span class=\"rtin-position\">Disiplin Kur. \u00dcyesi<\/span>\n\t\t\t\t\t\t\t\t\t\t\t\t\t\t\t<ul class=\"social-icons\">\n\t\t\t\t\t\t\t\t\t\t\t\n\t\t\t\t\t\t\t\t\t\t\t\t\t\t\t\t<\/ul>\n\t\t\t\t\t\t\t\t\t\n\t\t\t\t<\/div>\n\t\t\t<\/div>\n\t\t<\/div>\n\t\t\t\t<div class=\"mt20 col-sm-12 col-xs-12 pagination-wrapper\"><\/div>\n\t\t\t<\/div>\n\t<\/div>\n[vc_custom_heading text=&#8221;Denetim Kurulu&#8221; font_container=&#8221;tag:h2|font_size:26px|text_align:center&#8221; use_theme_fonts=&#8221;yes&#8221;]<div>\n\t<div class=\"row auto-clear rt-team-grid-1\">\n\t\t\t\t\t\t\t<div class=\"col-lg-4 col-md-4 col-sm-6 col-xs-12\">\n\t\t\t<div class=\"rtin-single-team\">\n\t\t\t\t<div class=\"rtin-item-image\">\n\t\t\t\t\t<img width=\"360\" height=\"400\" src=\"https:\/\/www.tasis.org.tr\/en\/wp-content\/uploads\/2023\/04\/yusuf.jpg\" class=\"attachment-rdtheme-size4 size-rdtheme-size4 wp-post-image\" alt=\"\" decoding=\"async\" loading=\"lazy\" srcset=\"https:\/\/www.tasis.org.tr\/en\/wp-content\/uploads\/2023\/04\/yusuf.jpg 360w, https:\/\/www.tasis.org.tr\/en\/wp-content\/uploads\/2023\/04\/yusuf-270x300.jpg 270w\" sizes=\"(max-width: 360px) 100vw, 360px\" \/>\t\t\t\t\t<a class=\"plus-icon\" href=\"https:\/\/www.tasis.org.tr\/en\/team\/yusuf-tanriveren\/\"><i class=\"fa fa-plus\" aria-hidden=\"true\"><\/i><\/a>\n\t\t\t\t<\/div>\n\t\t\t\t<div class=\"rtin-item-content\">\n\t\t\t\t\t<h3><a href=\"https:\/\/www.tasis.org.tr\/en\/team\/yusuf-tanriveren\/\">Yusuf TANRIVEREN<\/a><\/h3>\n\t\t\t\t\t\t\t\t\t\t\t<span class=\"rtin-position\">Denetim Kur. \u00dcyesi<\/span>\n\t\t\t\t\t\t\t\t\t\t\t\t\t\t\t<ul class=\"social-icons\">\n\t\t\t\t\t\t\t\t\t\t\t\n\t\t\t\t\t\t\t\t\t\t\t\t\t\t\t\t<\/ul>\n\t\t\t\t\t\t\t\t\t\n\t\t\t\t<\/div>\n\t\t\t<\/div>\n\t\t<\/div>\n\t\t\t\t\t\t<div class=\"col-lg-4 col-md-4 col-sm-6 col-xs-12\">\n\t\t\t<div class=\"rtin-single-team\">\n\t\t\t\t<div class=\"rtin-item-image\">\n\t\t\t\t\t<img width=\"360\" height=\"400\" src=\"https:\/\/www.tasis.org.tr\/en\/wp-content\/uploads\/2023\/04\/huseyin.jpg\" class=\"attachment-rdtheme-size4 size-rdtheme-size4 wp-post-image\" alt=\"\" decoding=\"async\" loading=\"lazy\" srcset=\"https:\/\/www.tasis.org.tr\/en\/wp-content\/uploads\/2023\/04\/huseyin.jpg 360w, https:\/\/www.tasis.org.tr\/en\/wp-content\/uploads\/2023\/04\/huseyin-270x300.jpg 270w\" sizes=\"(max-width: 360px) 100vw, 360px\" \/>\t\t\t\t\t<a class=\"plus-icon\" href=\"https:\/\/www.tasis.org.tr\/en\/team\/huseyin-sen\/\"><i class=\"fa fa-plus\" aria-hidden=\"true\"><\/i><\/a>\n\t\t\t\t<\/div>\n\t\t\t\t<div class=\"rtin-item-content\">\n\t\t\t\t\t<h3><a href=\"https:\/\/www.tasis.org.tr\/en\/team\/huseyin-sen\/\">H\u00fcseyin \u015eEN<\/a><\/h3>\n\t\t\t\t\t\t\t\t\t\t\t<span class=\"rtin-position\">Denetim Kur. \u00dcyesi<\/span>\n\t\t\t\t\t\t\t\t\t\t\t\t\t\t\t<ul class=\"social-icons\">\n\t\t\t\t\t\t\t\t\t\t\t\n\t\t\t\t\t\t\t\t\t\t\t\t\t\t\t\t<\/ul>\n\t\t\t\t\t\t\t\t\t\n\t\t\t\t<\/div>\n\t\t\t<\/div>\n\t\t<\/div>\n\t\t\t\t\t\t<div class=\"col-lg-4 col-md-4 col-sm-6 col-xs-12\">\n\t\t\t<div class=\"rtin-single-team\">\n\t\t\t\t<div class=\"rtin-item-image\">\n\t\t\t\t\t<img width=\"360\" height=\"400\" src=\"https:\/\/www.tasis.org.tr\/en\/wp-content\/uploads\/2023\/04\/adem.jpg\" class=\"attachment-rdtheme-size4 size-rdtheme-size4 wp-post-image\" alt=\"\" decoding=\"async\" loading=\"lazy\" srcset=\"https:\/\/www.tasis.org.tr\/en\/wp-content\/uploads\/2023\/04\/adem.jpg 360w, https:\/\/www.tasis.org.tr\/en\/wp-content\/uploads\/2023\/04\/adem-270x300.jpg 270w\" sizes=\"(max-width: 360px) 100vw, 360px\" \/>\t\t\t\t\t<a class=\"plus-icon\" href=\"https:\/\/www.tasis.org.tr\/en\/team\/adem-guler\/\"><i class=\"fa fa-plus\" aria-hidden=\"true\"><\/i><\/a>\n\t\t\t\t<\/div>\n\t\t\t\t<div class=\"rtin-item-content\">\n\t\t\t\t\t<h3><a href=\"https:\/\/www.tasis.org.tr\/en\/team\/adem-guler\/\">Adem G\u00dcLER<\/a><\/h3>\n\t\t\t\t\t\t\t\t\t\t\t<span class=\"rtin-position\">Denetim Kur. \u00dcyesi<\/span>\n\t\t\t\t\t\t\t\t\t\t\t\t\t\t\t<ul class=\"social-icons\">\n\t\t\t\t\t\t\t\t\t\t\t\n\t\t\t\t\t\t\t\t\t\t\t\t\t\t\t\t<\/ul>\n\t\t\t\t\t\t\t\t\t\n\t\t\t\t<\/div>\n\t\t\t<\/div>\n\t\t<\/div>\n\t\t\t\t<div class=\"mt20 col-sm-12 col-xs-12 pagination-wrapper\"><\/div>\n\t\t\t<\/div>\n\t<\/div>\n[\/vc_column][\/vc_row]<\/p>\n<\/section>","protected":false},"excerpt":{"rendered":"<p>[vc_row][vc_column][vc_custom_heading text=&#8221;Y\u00f6netim Kurulu&#8221; font_container=&#8221;tag:h2|font_size:26px|text_align:center&#8221; use_theme_fonts=&#8221;yes&#8221;][vc_custom_heading text=&#8221;Hukuk M\u00fc\u015favirli\u011fi&#8221; font_container=&#8221;tag:h2|font_size:26px|text_align:center&#8221; use_theme_fonts=&#8221;yes&#8221;][vc_custom_heading text=&#8221;Mevzuat ve Standartlar Komitesi&#8221; font_container=&#8221;tag:h2|font_size:26px|text_align:center&#8221; use_theme_fonts=&#8221;yes&#8221;][vc_custom_heading text=&#8221;\u0130\u015f geli\u015ftirme, \u0130zleme ve Takip Komitesi&#8221; font_container=&#8221;tag:h2|font_size:26px|text_align:center&#8221; use_theme_fonts=&#8221;yes&#8221;][vc_custom_heading text=&#8221;Genel Koordinat\u00f6rl\u00fck&#8221; font_container=&#8221;tag:h2|font_size:26px|text_align:center&#8221; use_theme_fonts=&#8221;yes&#8221;][vc_custom_heading text=&#8221;Disiplin Kurulu&#8221; font_container=&#8221;tag:h2|font_size:26px|text_align:center&#8221; use_theme_fonts=&#8221;yes&#8221;][vc_custom_heading text=&#8221;Denetim Kurulu&#8221; font_container=&#8221;tag:h2|font_size:26px|text_align:center&#8221; use_theme_fonts=&#8221;yes&#8221;][\/vc_column][\/vc_row]<\/p>\n","protected":false},"author":1,"featured_media":0,"parent":0,"menu_order":0,"comment_status":"closed","ping_status":"closed","template":"","meta":[],"_links":{"self":[{"href":"https:\/\/www.tasis.org.tr\/en\/wp-json\/wp\/v2\/pages\/3958"}],"collection":[{"href":"https:\/\/www.tasis.org.tr\/en\/wp-json\/wp\/v2\/pages"}],"about":[{"href":"https:\/\/www.tasis.org.tr\/en\/wp-json\/wp\/v2\/types\/page"}],"author":[{"embeddable":true,"href":"https:\/\/www.tasis.org.tr\/en\/wp-json\/wp\/v2\/users\/1"}],"replies":[{"embeddable":true,"href":"https:\/\/www.tasis.org.tr\/en\/wp-json\/wp\/v2\/comments?post=3958"}],"version-history":[{"count":18,"href":"https:\/\/www.tasis.org.tr\/en\/wp-json\/wp\/v2\/pages\/3958\/revisions"}],"predecessor-version":[{"id":3976,"href":"https:\/\/www.tasis.org.tr\/en\/wp-json\/wp\/v2\/pages\/3958\/revisions\/3976"}],"wp:attachment":[{"href":"https:\/\/www.tasis.org.tr\/en\/wp-json\/wp\/v2\/media?parent=3958"}],"curies":[{"name":"wp","href":"https:\/\/api.w.org\/{rel}","templated":true}]}}